{"id":236,"date":"2025-06-19T17:16:04","date_gmt":"2025-06-19T17:16:04","guid":{"rendered":"https:\/\/naturalezaenmovimiento.com\/home\/?page_id=236"},"modified":"2025-06-19T17:20:59","modified_gmt":"2025-06-19T17:20:59","slug":"comunidad","status":"publish","type":"page","link":"https:\/\/naturalezaenmovimiento.com\/home\/index.php\/comunidad\/","title":{"rendered":"Comunidad"},"content":{"rendered":"\t\t<div data-elementor-type=\"wp-page\" data-elementor-id=\"236\" class=\"elementor elementor-236\">\n\t\t\t\t<div class=\"elementor-element elementor-element-bb6c298 e-flex e-con-boxed e-con e-parent\" data-id=\"bb6c298\" data-element_type=\"container\">\n\t\t\t\t\t<div class=\"e-con-inner\">\n\t\t\t\t<div class=\"elementor-element elementor-element-29872d9 elementor-widget elementor-widget-elementskit-blog-posts\" data-id=\"29872d9\" data-element_type=\"widget\" data-widget_type=\"elementskit-blog-posts.default\">\n\t\t\t\t<div class=\"elementor-widget-container\">\n\t\t\t\t\t<div class=\"ekit-wid-con\" >        <div id=\"post-items--29872d9\" class=\"row post-items\">\n                    <div class=\"col-md-12\">\n\n                                    <div class=\"elementskit-blog-block-post\">\n                        <div class=\"row no-gutters\">\n                                                            <div class=\"col-md-6 order-1\">\n                                    <a href=\"https:\/\/naturalezaenmovimiento.com\/home\/index.php\/2025\/06\/19\/neurogenesis-plasticidad-neuronal-b\/\" class=\"elementskit-entry-thumb\">\n                                        <img decoding=\"async\" src=\"https:\/\/naturalezaenmovimiento.com\/home\/wp-content\/uploads\/2025\/06\/plasticidad.jpeg\" alt=\"NEUROG\u00c9NESIS, PLASTICIDAD NEURONAL B\">\n                                    <\/a><!-- .elementskit-entry-thumb END -->\n                                <\/div>\n                            \n                            <div class=\"col-md-6 order-2\">\n                                <div class=\"elementskit-post-body \">\n                                    <div class=\"elementskit-entry-header\">\n                                        \n                                                                                            \t\t\t\t\t                                            \n                                            \n                                                                                            \t\t\t\t<h2 class=\"entry-title\">\n\t\t\t\t\t<a href=\"https:\/\/naturalezaenmovimiento.com\/home\/index.php\/2025\/06\/19\/neurogenesis-plasticidad-neuronal-b\/\">\n\t\t\t\t\t\tNEUROG\u00c9NESIS, PLASTICIDAD NEURONAL B\t\t\t\t\t<\/a>\n\t\t\t\t<\/h2>\n\t\t\t                                                                                <\/div><!-- .elementskit-entry-header END -->\n\n                                                                            <div class=\"elementskit-post-footer\">\n                                                                                            <p>Plasticidad Neuronal, Neurog\u00e9nesis y expresi\u00f3n gen\u00e9tica diferencial en adultos en ambientes enriquecidos Por Cecilia Toro Acu\u00f1a En los \u00faltimos veinte a\u00f1os, las neurociencias y la gen\u00e9tica han experimentado progresos de gran valor heur\u00edstico para&nbsp; la educaci\u00f3n y la psicoterapia. Algunos de los hallazgos m\u00e1s relevantes de las neurociencias confirman la metodolog\u00eda de la Biodanza en [&hellip;]<\/p>\n                                                                                                                                <\/div><!-- .elementskit-post-footer END -->\n                                                                    <\/div><!-- .elementskit-post-body END -->\n                            <\/div>\n                        <\/div>\n                    <\/div><!-- .elementskit-blog-block-post .radius .gradient-bg END -->\n                \n            <\/div>\n                    <div class=\"col-md-12\">\n\n                                    <div class=\"elementskit-blog-block-post\">\n                        <div class=\"row no-gutters\">\n                                                            <div class=\"col-md-6 order-1\">\n                                    <a href=\"https:\/\/naturalezaenmovimiento.com\/home\/index.php\/2025\/06\/17\/hello-world\/\" class=\"elementskit-entry-thumb\">\n                                        <img decoding=\"async\" src=\"https:\/\/naturalezaenmovimiento.com\/home\/wp-content\/uploads\/2025\/06\/plasticidad.jpeg\" alt=\"NEUROG\u00c9NESIS, PLASTICIDAD NEURONAL\">\n                                    <\/a><!-- .elementskit-entry-thumb END -->\n                                <\/div>\n                            \n                            <div class=\"col-md-6 order-2\">\n                                <div class=\"elementskit-post-body \">\n                                    <div class=\"elementskit-entry-header\">\n                                        \n                                                                                            \t\t\t\t\t                                            \n                                            \n                                                                                            \t\t\t\t<h2 class=\"entry-title\">\n\t\t\t\t\t<a href=\"https:\/\/naturalezaenmovimiento.com\/home\/index.php\/2025\/06\/17\/hello-world\/\">\n\t\t\t\t\t\tNEUROG\u00c9NESIS, PLASTICIDAD NEURONAL\t\t\t\t\t<\/a>\n\t\t\t\t<\/h2>\n\t\t\t                                                                                <\/div><!-- .elementskit-entry-header END -->\n\n                                                                            <div class=\"elementskit-post-footer\">\n                                                                                            <p>Plasticidad Neuronal, Neurog\u00e9nesis y expresi\u00f3n gen\u00e9tica diferencial en adultos en ambientes enriquecidos Por Cecilia Toro Acu\u00f1a En los \u00faltimos veinte a\u00f1os, las neurociencias y la gen\u00e9tica han experimentado progresos de gran valor heur\u00edstico para&nbsp; la educaci\u00f3n y la psicoterapia. Algunos de los hallazgos m\u00e1s relevantes de las neurociencias confirman la metodolog\u00eda de la Biodanza en [&hellip;]<\/p>\n                                                                                                                                <\/div><!-- .elementskit-post-footer END -->\n                                                                    <\/div><!-- .elementskit-post-body END -->\n                            <\/div>\n                        <\/div>\n                    <\/div><!-- .elementskit-blog-block-post .radius .gradient-bg END -->\n                \n            <\/div>\n                <\/div>\n       <\/div>\t\t\t\t<\/div>\n\t\t\t\t<\/div>\n\t\t\t\t\t<\/div>\n\t\t\t\t<\/div>\n\t\t\t\t<\/div>\n\t\t","protected":false},"excerpt":{"rendered":"<p>Hello world! Welcome to WordPress. This is your first post. Edit or delete it, then start writing!<\/p>\n","protected":false},"author":1,"featured_media":0,"parent":0,"menu_order":0,"comment_status":"closed","ping_status":"closed","template":"","meta":{"footnotes":""},"class_list":["post-236","page","type-page","status-publish","hentry"],"yoast_head":"<!-- This site is optimized with the Yoast SEO plugin v25.6 - https:\/\/yoast.com\/wordpress\/plugins\/seo\/ -->\n<title>Comunidad - Naturaleza en Movimiento<\/title>\n<meta name=\"robots\" content=\"index, follow, max-snippet:-1, max-image-preview:large, max-video-preview:-1\" \/>\n<link rel=\"canonical\" href=\"https:\/\/naturalezaenmovimiento.com\/home\/index.php\/comunidad\/\" \/>\n<meta property=\"og:locale\" content=\"es_ES\" \/>\n<meta property=\"og:type\" content=\"article\" \/>\n<meta property=\"og:title\" content=\"Comunidad - Naturaleza en Movimiento\" \/>\n<meta property=\"og:description\" content=\"Hello world! Welcome to WordPress. This is your first post. Edit or delete it, then start writing!\" \/>\n<meta property=\"og:url\" content=\"https:\/\/naturalezaenmovimiento.com\/home\/index.php\/comunidad\/\" \/>\n<meta property=\"og:site_name\" content=\"Naturaleza en Movimiento\" \/>\n<meta property=\"article:modified_time\" content=\"2025-06-19T17:20:59+00:00\" \/>\n<meta name=\"twitter:card\" content=\"summary_large_image\" \/>\n<meta name=\"twitter:label1\" content=\"Tiempo de lectura\" \/>\n\t<meta name=\"twitter:data1\" content=\"1 minuto\" \/>\n<script type=\"application\/ld+json\" class=\"yoast-schema-graph\">{\"@context\":\"https:\/\/schema.org\",\"@graph\":[{\"@type\":\"WebPage\",\"@id\":\"https:\/\/naturalezaenmovimiento.com\/home\/index.php\/comunidad\/\",\"url\":\"https:\/\/naturalezaenmovimiento.com\/home\/index.php\/comunidad\/\",\"name\":\"Comunidad - Naturaleza en Movimiento\",\"isPartOf\":{\"@id\":\"https:\/\/naturalezaenmovimiento.com\/home\/#website\"},\"datePublished\":\"2025-06-19T17:16:04+00:00\",\"dateModified\":\"2025-06-19T17:20:59+00:00\",\"breadcrumb\":{\"@id\":\"https:\/\/naturalezaenmovimiento.com\/home\/index.php\/comunidad\/#breadcrumb\"},\"inLanguage\":\"es\",\"potentialAction\":[{\"@type\":\"ReadAction\",\"target\":[\"https:\/\/naturalezaenmovimiento.com\/home\/index.php\/comunidad\/\"]}]},{\"@type\":\"BreadcrumbList\",\"@id\":\"https:\/\/naturalezaenmovimiento.com\/home\/index.php\/comunidad\/#breadcrumb\",\"itemListElement\":[{\"@type\":\"ListItem\",\"position\":1,\"name\":\"Portada\",\"item\":\"https:\/\/naturalezaenmovimiento.com\/home\/\"},{\"@type\":\"ListItem\",\"position\":2,\"name\":\"Comunidad\"}]},{\"@type\":\"WebSite\",\"@id\":\"https:\/\/naturalezaenmovimiento.com\/home\/#website\",\"url\":\"https:\/\/naturalezaenmovimiento.com\/home\/\",\"name\":\"Naturaleza en Movimiento\",\"description\":\"\",\"potentialAction\":[{\"@type\":\"SearchAction\",\"target\":{\"@type\":\"EntryPoint\",\"urlTemplate\":\"https:\/\/naturalezaenmovimiento.com\/home\/?s={search_term_string}\"},\"query-input\":{\"@type\":\"PropertyValueSpecification\",\"valueRequired\":true,\"valueName\":\"search_term_string\"}}],\"inLanguage\":\"es\"}]}<\/script>\n<!-- \/ Yoast SEO plugin. -->","yoast_head_json":{"title":"Comunidad - Naturaleza en Movimiento","robots":{"index":"index","follow":"follow","max-snippet":"max-snippet:-1","max-image-preview":"max-image-preview:large","max-video-preview":"max-video-preview:-1"},"canonical":"https:\/\/naturalezaenmovimiento.com\/home\/index.php\/comunidad\/","og_locale":"es_ES","og_type":"article","og_title":"Comunidad - Naturaleza en Movimiento","og_description":"Hello world! Welcome to WordPress. This is your first post. Edit or delete it, then start writing!","og_url":"https:\/\/naturalezaenmovimiento.com\/home\/index.php\/comunidad\/","og_site_name":"Naturaleza en Movimiento","article_modified_time":"2025-06-19T17:20:59+00:00","twitter_card":"summary_large_image","twitter_misc":{"Tiempo de lectura":"1 minuto"},"schema":{"@context":"https:\/\/schema.org","@graph":[{"@type":"WebPage","@id":"https:\/\/naturalezaenmovimiento.com\/home\/index.php\/comunidad\/","url":"https:\/\/naturalezaenmovimiento.com\/home\/index.php\/comunidad\/","name":"Comunidad - Naturaleza en Movimiento","isPartOf":{"@id":"https:\/\/naturalezaenmovimiento.com\/home\/#website"},"datePublished":"2025-06-19T17:16:04+00:00","dateModified":"2025-06-19T17:20:59+00:00","breadcrumb":{"@id":"https:\/\/naturalezaenmovimiento.com\/home\/index.php\/comunidad\/#breadcrumb"},"inLanguage":"es","potentialAction":[{"@type":"ReadAction","target":["https:\/\/naturalezaenmovimiento.com\/home\/index.php\/comunidad\/"]}]},{"@type":"BreadcrumbList","@id":"https:\/\/naturalezaenmovimiento.com\/home\/index.php\/comunidad\/#breadcrumb","itemListElement":[{"@type":"ListItem","position":1,"name":"Portada","item":"https:\/\/naturalezaenmovimiento.com\/home\/"},{"@type":"ListItem","position":2,"name":"Comunidad"}]},{"@type":"WebSite","@id":"https:\/\/naturalezaenmovimiento.com\/home\/#website","url":"https:\/\/naturalezaenmovimiento.com\/home\/","name":"Naturaleza en Movimiento","description":"","potentialAction":[{"@type":"SearchAction","target":{"@type":"EntryPoint","urlTemplate":"https:\/\/naturalezaenmovimiento.com\/home\/?s={search_term_string}"},"query-input":{"@type":"PropertyValueSpecification","valueRequired":true,"valueName":"search_term_string"}}],"inLanguage":"es"}]}},"_links":{"self":[{"href":"https:\/\/naturalezaenmovimiento.com\/home\/index.php\/wp-json\/wp\/v2\/pages\/236","targetHints":{"allow":["GET"]}}],"collection":[{"href":"https:\/\/naturalezaenmovimiento.com\/home\/index.php\/wp-json\/wp\/v2\/pages"}],"about":[{"href":"https:\/\/naturalezaenmovimiento.com\/home\/index.php\/wp-json\/wp\/v2\/types\/page"}],"author":[{"embeddable":true,"href":"https:\/\/naturalezaenmovimiento.com\/home\/index.php\/wp-json\/wp\/v2\/users\/1"}],"replies":[{"embeddable":true,"href":"https:\/\/naturalezaenmovimiento.com\/home\/index.php\/wp-json\/wp\/v2\/comments?post=236"}],"version-history":[{"count":7,"href":"https:\/\/naturalezaenmovimiento.com\/home\/index.php\/wp-json\/wp\/v2\/pages\/236\/revisions"}],"predecessor-version":[{"id":243,"href":"https:\/\/naturalezaenmovimiento.com\/home\/index.php\/wp-json\/wp\/v2\/pages\/236\/revisions\/243"}],"wp:attachment":[{"href":"https:\/\/naturalezaenmovimiento.com\/home\/index.php\/wp-json\/wp\/v2\/media?parent=236"}],"curies":[{"name":"wp","href":"https:\/\/api.w.org\/{rel}","templated":true}]}}